{"id":2382,"date":"2022-11-21T13:22:55","date_gmt":"2022-11-21T12:22:55","guid":{"rendered":"https:\/\/arkam-site2.be\/?page_id=2382"},"modified":"2026-02-17T12:26:39","modified_gmt":"2026-02-17T11:26:39","slug":"over-ons","status":"publish","type":"page","link":"https:\/\/www.belpasta.be\/nl\/over-ons\/","title":{"rendered":"Over ons"},"content":{"rendered":"\t\t<div data-elementor-type=\"wp-page\" data-elementor-id=\"2382\" class=\"elementor elementor-2382 elementor-459\" data-elementor-post-type=\"page\">\n\t\t\t\t\t\t<section class=\"elementor-section elementor-top-section elementor-element elementor-element-ed8f4a2 elementor-section-full_width elementor-section-height-min-height elementor-section-height-default elementor-section-items-middle\" data-id=\"ed8f4a2\" data-element_type=\"section\" data-e-type=\"section\" data-settings=\"{&quot;background_background&quot;:&quot;classic&quot;,&quot;background_motion_fx_motion_fx_scrolling&quot;:&quot;yes&quot;,&quot;background_motion_fx_translateY_effect&quot;:&quot;yes&quot;,&quot;background_motion_fx_translateY_speed&quot;:{&quot;unit&quot;:&quot;px&quot;,&quot;size&quot;:5,&quot;sizes&quot;:[]},&quot;background_motion_fx_translateY_affectedRange&quot;:{&quot;unit&quot;:&quot;%&quot;,&quot;size&quot;:&quot;&quot;,&quot;sizes&quot;:{&quot;start&quot;:0,&quot;end&quot;:100}},&quot;background_motion_fx_devices&quot;:[&quot;desktop&quot;,&quot;tablet&quot;,&quot;mobile&quot;]}\">\n\t\t\t\t\t\t<div class=\"elementor-container elementor-column-gap-default\">\n\t\t\t\t\t<div class=\"elementor-column elementor-col-100 elementor-top-column elementor-element elementor-element-73538af\" data-id=\"73538af\" data-element_type=\"column\" data-e-type=\"column\">\n\t\t\t<div class=\"elementor-widget-wrap elementor-element-populated\">\n\t\t\t\t\t\t<div class=\"elementor-element elementor-element-9e01ac0 elementor-widget__width-initial elementor-widget elementor-widget-heading\" data-id=\"9e01ac0\" data-element_type=\"widget\" data-e-type=\"widget\" data-widget_type=\"heading.default\">\n\t\t\t\t<div class=\"elementor-widget-container\">\n\t\t\t\t\t<h1 class=\"elementor-heading-title elementor-size-default\">over ons<\/h1>\t\t\t\t<\/div>\n\t\t\t\t<\/div>\n\t\t\t\t\t<\/div>\n\t\t<\/div>\n\t\t\t\t\t<\/div>\n\t\t<\/section>\n\t\t\t\t<section class=\"elementor-section elementor-top-section elementor-element elementor-element-4b9baa1 elementor-section-boxed elementor-section-height-default elementor-section-height-default\" data-id=\"4b9baa1\" data-element_type=\"section\" data-e-type=\"section\">\n\t\t\t\t\t\t<div class=\"elementor-container elementor-column-gap-wider\">\n\t\t\t\t\t<div class=\"elementor-column elementor-col-100 elementor-top-column elementor-element elementor-element-d51cc00\" data-id=\"d51cc00\" data-element_type=\"column\" data-e-type=\"column\">\n\t\t\t<div class=\"elementor-widget-wrap elementor-element-populated\">\n\t\t\t\t\t\t<div class=\"elementor-element elementor-element-12932b2 elementor-widget elementor-widget-heading\" data-id=\"12932b2\" data-element_type=\"widget\" data-e-type=\"widget\" data-widget_type=\"heading.default\">\n\t\t\t\t<div class=\"elementor-widget-container\">\n\t\t\t\t\t<h2 class=\"elementor-heading-title elementor-size-default\">een vriendschapsverhaal<\/h2>\t\t\t\t<\/div>\n\t\t\t\t<\/div>\n\t\t\t\t<div class=\"elementor-element elementor-element-8aad169 elementor-widget elementor-widget-text-editor\" data-id=\"8aad169\" data-element_type=\"widget\" data-e-type=\"widget\" data-widget_type=\"text-editor.default\">\n\t\t\t\t<div class=\"elementor-widget-container\">\n\t\t\t\t\t\t\t\t\t<p><strong>Belpasta<\/strong> is bovenal een <strong>vriendschapsverhaal<\/strong>, dat van Jean-Louis en Fran\u00e7ois. Vrienden sinds de schoolbanken, drijft een gemeenschappelijke <strong>passie<\/strong> hen: \u201c<strong>de liefde voor het land<\/strong>\u201d. De \u00e9\u00e9n boert in Vlaanderen, de ander is landbouwer in Walloni\u00eb.<\/p><p><strong>Belpasta<\/strong> was aanvankelijk een wat gek idee, maar werd al snel een zeer concreet project: hun <strong>krachten bundelen<\/strong> om uw borden te vullen met <strong>kwaliteitsproducten<\/strong>. Vandaag, nog meer dan gisteren, is het <strong>beheersen<\/strong> van de hele <strong>productieketen<\/strong> van cruciaal belang, zowel voor de toekomst van onze <strong>landbouw<\/strong> en ons <strong>milieu<\/strong> als voor de <strong>gezondheid van de consument<\/strong>.<\/p><p><strong>Belpasta<\/strong> is het <strong>talent van twee boeren<\/strong> die je <strong>lokale pasta<\/strong> van <strong>kwaliteit<\/strong> aanbieden met <strong>uitzonderlijke grondstoffen<\/strong>.<\/p>\t\t\t\t\t\t\t\t<\/div>\n\t\t\t\t<\/div>\n\t\t\t\t\t<\/div>\n\t\t<\/div>\n\t\t\t\t\t<\/div>\n\t\t<\/section>\n\t\t\t\t<section class=\"elementor-section elementor-top-section elementor-element elementor-element-ae5d997 elementor-section-boxed elementor-section-height-default elementor-section-height-default\" data-id=\"ae5d997\" data-element_type=\"section\" data-e-type=\"section\">\n\t\t\t\t\t\t<div class=\"elementor-container elementor-column-gap-default\">\n\t\t\t\t\t<div class=\"elementor-column elementor-col-100 elementor-top-column elementor-element elementor-element-d8e59ab\" data-id=\"d8e59ab\" data-element_type=\"column\" data-e-type=\"column\">\n\t\t\t<div class=\"elementor-widget-wrap elementor-element-populated\">\n\t\t\t\t\t\t<div class=\"elementor-element elementor-element-197937b gallery-spacing-custom elementor-invisible elementor-widget elementor-widget-image-gallery\" data-id=\"197937b\" data-element_type=\"widget\" data-e-type=\"widget\" data-settings=\"{&quot;_animation&quot;:&quot;fadeIn&quot;}\" data-widget_type=\"image-gallery.default\">\n\t\t\t\t<div class=\"elementor-widget-container\">\n\t\t\t\t\t\t\t<div class=\"elementor-image-gallery\">\n\t\t\t<div id='gallery-1' class='gallery galleryid-2382 gallery-columns-6 gallery-size-large'><figure class='gallery-item'>\n\t\t\t<div class='gallery-icon landscape'>\n\t\t\t\t<a data-elementor-open-lightbox=\"yes\" data-elementor-lightbox-slideshow=\"197937b\" data-elementor-lightbox-title=\"Belpasta - Jean-Louis et Fran\u00e7ois dans les champs\" data-e-action-hash=\"#elementor-action%3Aaction%3Dlightbox%26settings%3DeyJpZCI6MjIzMiwidXJsIjoiaHR0cHM6XC9cL3d3dy5iZWxwYXN0YS5iZVwvd3AtY29udGVudFwvdXBsb2Fkc1wvMjAyMlwvMTFcL01JWl8xMTE3LmpwZyIsInNsaWRlc2hvdyI6IjE5NzkzN2IifQ%3D%3D\" href='https:\/\/www.belpasta.be\/wp-content\/uploads\/2022\/11\/MIZ_1117.jpg'><img fetchpriority=\"high\" decoding=\"async\" width=\"800\" height=\"532\" src=\"https:\/\/www.belpasta.be\/wp-content\/uploads\/2022\/11\/MIZ_1117.jpg\" class=\"attachment-large size-large\" alt=\"\" srcset=\"https:\/\/www.belpasta.be\/wp-content\/uploads\/2022\/11\/MIZ_1117.jpg 2048w, https:\/\/www.belpasta.be\/wp-content\/uploads\/2022\/11\/MIZ_1117-600x399.jpg 600w\" sizes=\"(max-width: 800px) 100vw, 800px\" \/><\/a>\n\t\t\t<\/div><\/figure><figure class='gallery-item'>\n\t\t\t<div class='gallery-icon landscape'>\n\t\t\t\t<a data-elementor-open-lightbox=\"yes\" data-elementor-lightbox-slideshow=\"197937b\" data-elementor-lightbox-title=\"Belpasta - Farfalle\" data-e-action-hash=\"#elementor-action%3Aaction%3Dlightbox%26settings%3DeyJpZCI6MjIyNywidXJsIjoiaHR0cHM6XC9cL3d3dy5iZWxwYXN0YS5iZVwvd3AtY29udGVudFwvdXBsb2Fkc1wvMjAyMlwvMTFcL01JWl8wNzQ3LmpwZyIsInNsaWRlc2hvdyI6IjE5NzkzN2IifQ%3D%3D\" href='https:\/\/www.belpasta.be\/wp-content\/uploads\/2022\/11\/MIZ_0747.jpg'><img decoding=\"async\" width=\"800\" height=\"533\" src=\"https:\/\/www.belpasta.be\/wp-content\/uploads\/2022\/11\/MIZ_0747-1024x682.jpg\" class=\"attachment-large size-large\" alt=\"\" srcset=\"https:\/\/www.belpasta.be\/wp-content\/uploads\/2022\/11\/MIZ_0747-1024x682.jpg 1024w, https:\/\/www.belpasta.be\/wp-content\/uploads\/2022\/11\/MIZ_0747-600x399.jpg 600w, https:\/\/www.belpasta.be\/wp-content\/uploads\/2022\/11\/MIZ_0747-300x200.jpg 300w, https:\/\/www.belpasta.be\/wp-content\/uploads\/2022\/11\/MIZ_0747-768x511.jpg 768w, https:\/\/www.belpasta.be\/wp-content\/uploads\/2022\/11\/MIZ_0747-1536x1022.jpg 1536w, https:\/\/www.belpasta.be\/wp-content\/uploads\/2022\/11\/MIZ_0747.jpg 2048w\" sizes=\"(max-width: 800px) 100vw, 800px\" \/><\/a>\n\t\t\t<\/div><\/figure><figure class='gallery-item'>\n\t\t\t<div class='gallery-icon landscape'>\n\t\t\t\t<a data-elementor-open-lightbox=\"yes\" data-elementor-lightbox-slideshow=\"197937b\" data-elementor-lightbox-title=\"Belpasta - Grain de bl\u00e9\" data-e-action-hash=\"#elementor-action%3Aaction%3Dlightbox%26settings%3DeyJpZCI6MjIyOCwidXJsIjoiaHR0cHM6XC9cL3d3dy5iZWxwYXN0YS5iZVwvd3AtY29udGVudFwvdXBsb2Fkc1wvMjAyMlwvMTFcL01JWl8wODUwLmpwZyIsInNsaWRlc2hvdyI6IjE5NzkzN2IifQ%3D%3D\" href='https:\/\/www.belpasta.be\/wp-content\/uploads\/2022\/11\/MIZ_0850.jpg'><img decoding=\"async\" width=\"800\" height=\"533\" src=\"https:\/\/www.belpasta.be\/wp-content\/uploads\/2022\/11\/MIZ_0850-1024x682.jpg\" class=\"attachment-large size-large\" alt=\"\" srcset=\"https:\/\/www.belpasta.be\/wp-content\/uploads\/2022\/11\/MIZ_0850-1024x682.jpg 1024w, https:\/\/www.belpasta.be\/wp-content\/uploads\/2022\/11\/MIZ_0850-600x399.jpg 600w, https:\/\/www.belpasta.be\/wp-content\/uploads\/2022\/11\/MIZ_0850-300x200.jpg 300w, https:\/\/www.belpasta.be\/wp-content\/uploads\/2022\/11\/MIZ_0850-768x511.jpg 768w, https:\/\/www.belpasta.be\/wp-content\/uploads\/2022\/11\/MIZ_0850-1536x1022.jpg 1536w, https:\/\/www.belpasta.be\/wp-content\/uploads\/2022\/11\/MIZ_0850.jpg 2048w\" sizes=\"(max-width: 800px) 100vw, 800px\" \/><\/a>\n\t\t\t<\/div><\/figure><figure class='gallery-item'>\n\t\t\t<div class='gallery-icon landscape'>\n\t\t\t\t<a data-elementor-open-lightbox=\"yes\" data-elementor-lightbox-slideshow=\"197937b\" data-elementor-lightbox-title=\"Belpasta - Grain de bl\u00e9 &amp; casarecce\" data-e-action-hash=\"#elementor-action%3Aaction%3Dlightbox%26settings%3DeyJpZCI6MjIyOSwidXJsIjoiaHR0cHM6XC9cL3d3dy5iZWxwYXN0YS5iZVwvd3AtY29udGVudFwvdXBsb2Fkc1wvMjAyMlwvMTFcL01JWl8wOTg3LmpwZyIsInNsaWRlc2hvdyI6IjE5NzkzN2IifQ%3D%3D\" href='https:\/\/www.belpasta.be\/wp-content\/uploads\/2022\/11\/MIZ_0987.jpg'><img loading=\"lazy\" decoding=\"async\" width=\"800\" height=\"532\" src=\"https:\/\/www.belpasta.be\/wp-content\/uploads\/2022\/11\/MIZ_0987.jpg\" class=\"attachment-large size-large\" alt=\"\" srcset=\"https:\/\/www.belpasta.be\/wp-content\/uploads\/2022\/11\/MIZ_0987.jpg 2048w, https:\/\/www.belpasta.be\/wp-content\/uploads\/2022\/11\/MIZ_0987-600x399.jpg 600w\" sizes=\"(max-width: 800px) 100vw, 800px\" \/><\/a>\n\t\t\t<\/div><\/figure><figure class='gallery-item'>\n\t\t\t<div class='gallery-icon landscape'>\n\t\t\t\t<a data-elementor-open-lightbox=\"yes\" data-elementor-lightbox-slideshow=\"197937b\" data-elementor-lightbox-title=\"Belpasta - le bl\u00e9 avant transformation\" data-e-action-hash=\"#elementor-action%3Aaction%3Dlightbox%26settings%3DeyJpZCI6MjIzMCwidXJsIjoiaHR0cHM6XC9cL3d3dy5iZWxwYXN0YS5iZVwvd3AtY29udGVudFwvdXBsb2Fkc1wvMjAyMlwvMTFcL01JWl8xMDIzLmpwZyIsInNsaWRlc2hvdyI6IjE5NzkzN2IifQ%3D%3D\" href='https:\/\/www.belpasta.be\/wp-content\/uploads\/2022\/11\/MIZ_1023.jpg'><img loading=\"lazy\" decoding=\"async\" width=\"800\" height=\"532\" src=\"https:\/\/www.belpasta.be\/wp-content\/uploads\/2022\/11\/MIZ_1023.jpg\" class=\"attachment-large size-large\" alt=\"\" srcset=\"https:\/\/www.belpasta.be\/wp-content\/uploads\/2022\/11\/MIZ_1023.jpg 2048w, https:\/\/www.belpasta.be\/wp-content\/uploads\/2022\/11\/MIZ_1023-600x399.jpg 600w\" sizes=\"(max-width: 800px) 100vw, 800px\" \/><\/a>\n\t\t\t<\/div><\/figure><figure class='gallery-item'>\n\t\t\t<div class='gallery-icon landscape'>\n\t\t\t\t<a data-elementor-open-lightbox=\"yes\" data-elementor-lightbox-slideshow=\"197937b\" data-elementor-lightbox-title=\"Belpasta - Jean-Louis et Fran\u00e7ois dans les champs\" data-e-action-hash=\"#elementor-action%3Aaction%3Dlightbox%26settings%3DeyJpZCI6MjIzMywidXJsIjoiaHR0cHM6XC9cL3d3dy5iZWxwYXN0YS5iZVwvd3AtY29udGVudFwvdXBsb2Fkc1wvMjAyMlwvMTFcL01JWl8xMTQ4LmpwZyIsInNsaWRlc2hvdyI6IjE5NzkzN2IifQ%3D%3D\" href='https:\/\/www.belpasta.be\/wp-content\/uploads\/2022\/11\/MIZ_1148.jpg'><img loading=\"lazy\" decoding=\"async\" width=\"800\" height=\"533\" src=\"https:\/\/www.belpasta.be\/wp-content\/uploads\/2022\/11\/MIZ_1148-1024x682.jpg\" class=\"attachment-large size-large\" alt=\"\" srcset=\"https:\/\/www.belpasta.be\/wp-content\/uploads\/2022\/11\/MIZ_1148-1024x682.jpg 1024w, https:\/\/www.belpasta.be\/wp-content\/uploads\/2022\/11\/MIZ_1148-600x399.jpg 600w, https:\/\/www.belpasta.be\/wp-content\/uploads\/2022\/11\/MIZ_1148-300x200.jpg 300w, https:\/\/www.belpasta.be\/wp-content\/uploads\/2022\/11\/MIZ_1148-768x511.jpg 768w, https:\/\/www.belpasta.be\/wp-content\/uploads\/2022\/11\/MIZ_1148-1536x1022.jpg 1536w, https:\/\/www.belpasta.be\/wp-content\/uploads\/2022\/11\/MIZ_1148.jpg 2048w\" sizes=\"(max-width: 800px) 100vw, 800px\" \/><\/a>\n\t\t\t<\/div><\/figure><figure class='gallery-item'>\n\t\t\t<div class='gallery-icon landscape'>\n\t\t\t\t<a data-elementor-open-lightbox=\"yes\" data-elementor-lightbox-slideshow=\"197937b\" data-elementor-lightbox-title=\"Belpasta - le bl\u00e9 se fessant moudre\" data-e-action-hash=\"#elementor-action%3Aaction%3Dlightbox%26settings%3DeyJpZCI6MjIzNCwidXJsIjoiaHR0cHM6XC9cL3d3dy5iZWxwYXN0YS5iZVwvd3AtY29udGVudFwvdXBsb2Fkc1wvMjAyMlwvMTFcL01JWl8xNjkxLmpwZyIsInNsaWRlc2hvdyI6IjE5NzkzN2IifQ%3D%3D\" href='https:\/\/www.belpasta.be\/wp-content\/uploads\/2022\/11\/MIZ_1691.jpg'><img loading=\"lazy\" decoding=\"async\" width=\"800\" height=\"533\" src=\"https:\/\/www.belpasta.be\/wp-content\/uploads\/2022\/11\/MIZ_1691-1024x682.jpg\" class=\"attachment-large size-large\" alt=\"\" srcset=\"https:\/\/www.belpasta.be\/wp-content\/uploads\/2022\/11\/MIZ_1691-1024x682.jpg 1024w, https:\/\/www.belpasta.be\/wp-content\/uploads\/2022\/11\/MIZ_1691-600x399.jpg 600w, https:\/\/www.belpasta.be\/wp-content\/uploads\/2022\/11\/MIZ_1691-300x200.jpg 300w, https:\/\/www.belpasta.be\/wp-content\/uploads\/2022\/11\/MIZ_1691-768x511.jpg 768w, https:\/\/www.belpasta.be\/wp-content\/uploads\/2022\/11\/MIZ_1691-1536x1022.jpg 1536w, https:\/\/www.belpasta.be\/wp-content\/uploads\/2022\/11\/MIZ_1691.jpg 2048w\" sizes=\"(max-width: 800px) 100vw, 800px\" \/><\/a>\n\t\t\t<\/div><\/figure><figure class='gallery-item'>\n\t\t\t<div class='gallery-icon landscape'>\n\t\t\t\t<a data-elementor-open-lightbox=\"yes\" data-elementor-lightbox-slideshow=\"197937b\" data-elementor-lightbox-title=\"Belpasta - le bl\u00e9 est moulu\" data-e-action-hash=\"#elementor-action%3Aaction%3Dlightbox%26settings%3DeyJpZCI6MjIzNSwidXJsIjoiaHR0cHM6XC9cL3d3dy5iZWxwYXN0YS5iZVwvd3AtY29udGVudFwvdXBsb2Fkc1wvMjAyMlwvMTFcL01JWl8yNzI3LmpwZyIsInNsaWRlc2hvdyI6IjE5NzkzN2IifQ%3D%3D\" href='https:\/\/www.belpasta.be\/wp-content\/uploads\/2022\/11\/MIZ_2727.jpg'><img loading=\"lazy\" decoding=\"async\" width=\"800\" height=\"532\" src=\"https:\/\/www.belpasta.be\/wp-content\/uploads\/2022\/11\/MIZ_2727.jpg\" class=\"attachment-large size-large\" alt=\"\" srcset=\"https:\/\/www.belpasta.be\/wp-content\/uploads\/2022\/11\/MIZ_2727.jpg 2048w, https:\/\/www.belpasta.be\/wp-content\/uploads\/2022\/11\/MIZ_2727-600x399.jpg 600w\" sizes=\"(max-width: 800px) 100vw, 800px\" \/><\/a>\n\t\t\t<\/div><\/figure><figure class='gallery-item'>\n\t\t\t<div class='gallery-icon landscape'>\n\t\t\t\t<a data-elementor-open-lightbox=\"yes\" data-elementor-lightbox-slideshow=\"197937b\" data-elementor-lightbox-title=\"Belpasta - Foglia\" data-e-action-hash=\"#elementor-action%3Aaction%3Dlightbox%26settings%3DeyJpZCI6MjIzNiwidXJsIjoiaHR0cHM6XC9cL3d3dy5iZWxwYXN0YS5iZVwvd3AtY29udGVudFwvdXBsb2Fkc1wvMjAyMlwvMTFcL01JWl8wNTcyLmpwZyIsInNsaWRlc2hvdyI6IjE5NzkzN2IifQ%3D%3D\" href='https:\/\/www.belpasta.be\/wp-content\/uploads\/2022\/11\/MIZ_0572.jpg'><img loading=\"lazy\" decoding=\"async\" width=\"800\" height=\"533\" src=\"https:\/\/www.belpasta.be\/wp-content\/uploads\/2022\/11\/MIZ_0572-1024x682.jpg\" class=\"attachment-large size-large\" alt=\"\" srcset=\"https:\/\/www.belpasta.be\/wp-content\/uploads\/2022\/11\/MIZ_0572-1024x682.jpg 1024w, https:\/\/www.belpasta.be\/wp-content\/uploads\/2022\/11\/MIZ_0572-600x399.jpg 600w, https:\/\/www.belpasta.be\/wp-content\/uploads\/2022\/11\/MIZ_0572-300x200.jpg 300w, https:\/\/www.belpasta.be\/wp-content\/uploads\/2022\/11\/MIZ_0572-768x511.jpg 768w, https:\/\/www.belpasta.be\/wp-content\/uploads\/2022\/11\/MIZ_0572-1536x1022.jpg 1536w, https:\/\/www.belpasta.be\/wp-content\/uploads\/2022\/11\/MIZ_0572.jpg 2048w\" sizes=\"(max-width: 800px) 100vw, 800px\" \/><\/a>\n\t\t\t<\/div><\/figure>\n\t\t<\/div>\n\t\t<\/div>\n\t\t\t\t\t\t<\/div>\n\t\t\t\t<\/div>\n\t\t\t\t\t<\/div>\n\t\t<\/div>\n\t\t\t\t\t<\/div>\n\t\t<\/section>\n\t\t\t\t<\/div>\n\t\t","protected":false},"excerpt":{"rendered":"<p>over ons een vriendschapsverhaal Belpasta is bovenal een vriendschapsverhaal, dat van Jean-Louis en Fran\u00e7ois. Vrienden sinds de schoolbanken, drijft een gemeenschappelijke passie hen: \u201cde liefde voor het land\u201d. De \u00e9\u00e9n boert in Vlaanderen, de ander is landbouwer in Walloni\u00eb. Belpasta was aanvankelijk een wat gek idee, maar werd al snel een zeer concreet project: hun [&hellip;]<\/p>\n","protected":false},"author":1,"featured_media":0,"parent":0,"menu_order":0,"comment_status":"closed","ping_status":"closed","template":"","meta":{"inline_featured_image":false,"footnotes":""},"class_list":["post-2382","page","type-page","status-publish","hentry"],"_links":{"self":[{"href":"https:\/\/www.belpasta.be\/nl\/wp-json\/wp\/v2\/pages\/2382","targetHints":{"allow":["GET"]}}],"collection":[{"href":"https:\/\/www.belpasta.be\/nl\/wp-json\/wp\/v2\/pages"}],"about":[{"href":"https:\/\/www.belpasta.be\/nl\/wp-json\/wp\/v2\/types\/page"}],"author":[{"embeddable":true,"href":"https:\/\/www.belpasta.be\/nl\/wp-json\/wp\/v2\/users\/1"}],"replies":[{"embeddable":true,"href":"https:\/\/www.belpasta.be\/nl\/wp-json\/wp\/v2\/comments?post=2382"}],"version-history":[{"count":2,"href":"https:\/\/www.belpasta.be\/nl\/wp-json\/wp\/v2\/pages\/2382\/revisions"}],"predecessor-version":[{"id":4344,"href":"https:\/\/www.belpasta.be\/nl\/wp-json\/wp\/v2\/pages\/2382\/revisions\/4344"}],"wp:attachment":[{"href":"https:\/\/www.belpasta.be\/nl\/wp-json\/wp\/v2\/media?parent=2382"}],"curies":[{"name":"wp","href":"https:\/\/api.w.org\/{rel}","templated":true}]}}